{"id":129,"date":"2018-01-31T13:21:19","date_gmt":"2018-01-31T13:21:19","guid":{"rendered":"https:\/\/wplive.site\/wp\/md\/optima\/?page_id=129"},"modified":"2022-02-28T12:23:19","modified_gmt":"2022-02-28T12:23:19","slug":"gallery","status":"publish","type":"page","link":"https:\/\/maneviailedanismani.com\/?page_id=129","title":{"rendered":"Galeri"},"content":{"rendered":"[vc_row full_width=&#8221;stretch_row_content_no_spaces&#8221;][vc_column]<div class=\"gt3_portfolio_list\"><div class=\"gt3_portfolio_list__filter isotope-filter\"><a href=\"https:\/\/maneviailedanismani.com\/?page_id=129\" data-filter=\".gt3_portfolio_list__item \" class=\"active\">All<\/a><a href=\"https:\/\/maneviailedanismani.com\/?page_id=129&#038;portfolio_term_id=36\" data-filter=\".danismanlik\">dan\u0131\u015fmanl\u0131k<\/a><a href=\"https:\/\/maneviailedanismani.com\/?page_id=129&#038;portfolio_term_id=47#038;portfolio_term_id=36\" data-filter=\".egitim\">E\u011fitim<\/a><a href=\"https:\/\/maneviailedanismani.com\/?page_id=129&#038;portfolio_term_id=40#038;portfolio_term_id=47#038;portfolio_term_id=36\" data-filter=\".psikoloji\">Psikoloji<\/a><a href=\"https:\/\/maneviailedanismani.com\/?page_id=129&#038;portfolio_term_id=48#038;portfolio_term_id=40#038;portfolio_term_id=47#038;portfolio_term_id=36\" data-filter=\".tedavi\">Tedavi<\/a><a href=\"https:\/\/maneviailedanismani.com\/?page_id=129&#038;portfolio_term_id=45#038;portfolio_term_id=48#038;portfolio_term_id=40#038;portfolio_term_id=47#038;portfolio_term_id=36\" data-filter=\".terapi\">Terapi<\/a><\/div><div class=\"gt3_portfolio_list__posts-container row isotope_packery no_spaces no_image_rounds\" data-build_query=\"size:8|order_by:date\" data-portfolio_style=\"content_on_image\" data-portfolio_content=\"title_exerpt\" data-content_letter_count=\"85\" data-portfolio_layout=\"multisize\" data-posts_per_line=\"4\" data-show_on_full_width=\"yes\" data-image_proportional=\"square\" data-items_load=\"4\" data-post_count=\"8\"><div class=\"gt3_portfolio_list__grid-sizer span3\"><\/div><div class=\"gt3_portfolio_list__grid-gutter\"><\/div><article class=\"gt3_portfolio_list__item span3 psikoloji terapi content_on_image gt3_portfolio_list__item--image_square gt3_portfolio_list__item--1 gt3_portfolio_list__item--large_width_height\"><div class=\"gt3_portfolio_list__image-holder\"><a href=\"https:\/\/maneviailedanismani.com\/?portfolio=couple-theraphy\" class=\"gt3_portfolio_list__image_link\"><div class=\"gt3_portfolio_list__image-placeholder\" style=\"padding-bottom:100%;margin-bottom:-100%;background-color:#C8C1C2;\"><\/div><img decoding=\"async\" src=\"https:\/\/maneviailedanismani.com\/wp-content\/uploads\/2018\/02\/img_post_blog_02-585x585.jpg\" srcset=\"https:\/\/maneviailedanismani.com\/wp-content\/uploads\/2018\/02\/img_post_blog_02-800x800.jpg 800w, https:\/\/maneviailedanismani.com\/wp-content\/uploads\/2018\/02\/img_post_blog_02-950x950.jpg 950w, https:\/\/maneviailedanismani.com\/wp-content\/uploads\/2018\/02\/img_post_blog_02-585x585.jpg 585w, https:\/\/maneviailedanismani.com\/wp-content\/uploads\/2018\/02\/img_post_blog_02-475x475.jpg 475w, https:\/\/maneviailedanismani.com\/wp-content\/uploads\/2018\/02\/img_post_blog_02-364x364.jpg 364w,https:\/\/maneviailedanismani.com\/wp-content\/uploads\/2018\/02\/img_post_blog_02-420x420.jpg 420w\" sizes=\"(min-width: 1600px) 800px, (min-width: 1900px) 950px, (min-width: 1200px) 585px, (min-width: 992px) 475px, (min-width: 768px) 364px, (max-width: 600px) 420px\" alt=\"\" \/><\/a><div class=\"gt3_portfolio_list__content\"><div class=\"gt3_portfolio_list__categories\"><a href=\"https:\/\/maneviailedanismani.com\/?portfolio-category=psikoloji\">Psikoloji<\/a><span class=\"gt3_portfolio_list__categories_delimiter\">, <\/span><a href=\"https:\/\/maneviailedanismani.com\/?portfolio-category=terapi\">Terapi<\/a><\/div><a href=\"https:\/\/maneviailedanismani.com\/?portfolio=couple-theraphy\" class=\"gt3_portfolio_list__title_link\"><h3 class=\"gt3_portfolio_list__title\">\u00c7ift Terapisi<\/h3><\/a><div class=\"content_on_image_links_block\"><a class=\"swipebox links_block_title\" rel=\"gallery\u00c7ift Terapisi\" href=\"https:\/\/maneviailedanismani.com\/wp-content\/uploads\/2018\/02\/img_post_blog_02.jpg\" title=\"\u00c7ift Terapisi\">Yak\u0131nla\u015ft\u0131rmak<\/a><a class=\"links_block_title\" href=\"https:\/\/maneviailedanismani.com\/?portfolio=couple-theraphy\">Daha Fazlas\u0131n\u0131 G\u00f6r\u00fcnt\u00fcle<\/a><\/div><\/div>        <div class=\"gt3_list__post_likes likes_block post_likes_add\" data-postid=\"495\" data-modify=\"like_post\" title=\"3 Seviyor\">\r\n            <span class=\"gt3_post_likes__icon fa fa-heart-o\"><\/span>\r\n        <\/div><\/div><\/article><article class=\"gt3_portfolio_list__item span3 danismanlik psikoloji content_on_image gt3_portfolio_list__item--image_square gt3_portfolio_list__item--2 gt3_portfolio_list__item--normal\"><div class=\"gt3_portfolio_list__image-holder\"><a href=\"https:\/\/maneviailedanismani.com\/?portfolio=anxiety-disorder\" class=\"gt3_portfolio_list__image_link\"><div class=\"gt3_portfolio_list__image-placeholder\" style=\"padding-bottom:100%;margin-bottom:-100%;background-color:#A8ACB0;\"><\/div><img decoding=\"async\" src=\"https:\/\/maneviailedanismani.com\/wp-content\/uploads\/2018\/02\/img_post_blog_01-293x293.jpg\" srcset=\"https:\/\/maneviailedanismani.com\/wp-content\/uploads\/2018\/02\/img_post_blog_01-400x400.jpg 400w, https:\/\/maneviailedanismani.com\/wp-content\/uploads\/2018\/02\/img_post_blog_01-475x475.jpg 475w, https:\/\/maneviailedanismani.com\/wp-content\/uploads\/2018\/02\/img_post_blog_01-293x293.jpg 293w, https:\/\/maneviailedanismani.com\/wp-content\/uploads\/2018\/02\/img_post_blog_01-238x238.jpg 238w, https:\/\/maneviailedanismani.com\/wp-content\/uploads\/2018\/02\/img_post_blog_01-182x182.jpg 182w,https:\/\/maneviailedanismani.com\/wp-content\/uploads\/2018\/02\/img_post_blog_01-420x420.jpg 420w\" sizes=\"(min-width: 1600px) 400px, (min-width: 1900px) 475px, (min-width: 1200px) 293px, (min-width: 992px) 238px, (min-width: 768px) 182px, (max-width: 600px) 420px\" alt=\"\" \/><\/a><div class=\"gt3_portfolio_list__content\"><div class=\"gt3_portfolio_list__categories\"><a href=\"https:\/\/maneviailedanismani.com\/?portfolio-category=danismanlik\">dan\u0131\u015fmanl\u0131k<\/a><span class=\"gt3_portfolio_list__categories_delimiter\">, <\/span><a href=\"https:\/\/maneviailedanismani.com\/?portfolio-category=psikoloji\">Psikoloji<\/a><\/div><a href=\"https:\/\/maneviailedanismani.com\/?portfolio=anxiety-disorder\" class=\"gt3_portfolio_list__title_link\"><h3 class=\"gt3_portfolio_list__title\">Anksiyete Bozuklu\u011fu<\/h3><\/a><div class=\"content_on_image_links_block\"><a class=\"swipebox links_block_title\" rel=\"galleryAnksiyete Bozuklu\u011fu\" href=\"https:\/\/maneviailedanismani.com\/wp-content\/uploads\/2018\/02\/img_post_blog_01.jpg\" title=\"Anksiyete Bozuklu\u011fu\">Yak\u0131nla\u015ft\u0131rmak<\/a><a class=\"links_block_title\" href=\"https:\/\/maneviailedanismani.com\/?portfolio=anxiety-disorder\">Daha Fazlas\u0131n\u0131 G\u00f6r\u00fcnt\u00fcle<\/a><\/div><\/div>        <div class=\"gt3_list__post_likes likes_block post_likes_add\" data-postid=\"493\" data-modify=\"like_post\" title=\"  Seviyor\">\r\n            <span class=\"gt3_post_likes__icon fa fa-heart-o\"><\/span>\r\n        <\/div><\/div><\/article><article class=\"gt3_portfolio_list__item span3 egitim psikoloji content_on_image gt3_portfolio_list__item--image_square gt3_portfolio_list__item--3 gt3_portfolio_list__item--large_height\"><div class=\"gt3_portfolio_list__image-holder\"><a href=\"https:\/\/maneviailedanismani.com\/?portfolio=treating-depression-2\" class=\"gt3_portfolio_list__image_link\"><div class=\"gt3_portfolio_list__image-placeholder\" style=\"padding-bottom:200%;margin-bottom:-200%;background-color:#8C8385;\"><\/div><img decoding=\"async\" src=\"https:\/\/maneviailedanismani.com\/wp-content\/uploads\/2018\/01\/img_post_gallery-_02-293x586.jpg\" srcset=\"https:\/\/maneviailedanismani.com\/wp-content\/uploads\/2018\/01\/img_post_gallery-_02-400x800.jpg 400w, https:\/\/maneviailedanismani.com\/wp-content\/uploads\/2018\/01\/img_post_gallery-_02-475x950.jpg 475w, https:\/\/maneviailedanismani.com\/wp-content\/uploads\/2018\/01\/img_post_gallery-_02-293x586.jpg 293w, https:\/\/maneviailedanismani.com\/wp-content\/uploads\/2018\/01\/img_post_gallery-_02-238x476.jpg 238w, https:\/\/maneviailedanismani.com\/wp-content\/uploads\/2018\/01\/img_post_gallery-_02-182x364.jpg 182w,https:\/\/maneviailedanismani.com\/wp-content\/uploads\/2018\/01\/img_post_gallery-_02-420x840.jpg 420w\" sizes=\"(min-width: 1600px) 400px, (min-width: 1900px) 475px, (min-width: 1200px) 293px, (min-width: 992px) 238px, (min-width: 768px) 182px, (max-width: 600px) 420px\" alt=\"\" \/><\/a><div class=\"gt3_portfolio_list__content\"><div class=\"gt3_portfolio_list__categories\"><a href=\"https:\/\/maneviailedanismani.com\/?portfolio-category=egitim\">E\u011fitim<\/a><span class=\"gt3_portfolio_list__categories_delimiter\">, <\/span><a href=\"https:\/\/maneviailedanismani.com\/?portfolio-category=psikoloji\">Psikoloji<\/a><\/div><a href=\"https:\/\/maneviailedanismani.com\/?portfolio=treating-depression-2\" class=\"gt3_portfolio_list__title_link\"><h3 class=\"gt3_portfolio_list__title\">Depresyon Tedavisi<\/h3><\/a><div class=\"content_on_image_links_block\"><a class=\"swipebox links_block_title\" rel=\"galleryDepresyon Tedavisi\" href=\"https:\/\/maneviailedanismani.com\/wp-content\/uploads\/2018\/01\/img_post_gallery-_02.jpg\" title=\"Depresyon Tedavisi\">Yak\u0131nla\u015ft\u0131rmak<\/a><a class=\"links_block_title\" href=\"https:\/\/maneviailedanismani.com\/?portfolio=treating-depression-2\">Daha Fazlas\u0131n\u0131 G\u00f6r\u00fcnt\u00fcle<\/a><\/div><\/div>        <div class=\"gt3_list__post_likes likes_block post_likes_add\" data-postid=\"293\" data-modify=\"like_post\" title=\"1 Be\u011fenmek\">\r\n            <span class=\"gt3_post_likes__icon fa fa-heart-o\"><\/span>\r\n        <\/div><\/div><\/article><article class=\"gt3_portfolio_list__item span3 danismanlik content_on_image gt3_portfolio_list__item--image_square gt3_portfolio_list__item--4 gt3_portfolio_list__item--normal\"><div class=\"gt3_portfolio_list__image-holder\"><a href=\"https:\/\/maneviailedanismani.com\/?portfolio=family-counseling\" class=\"gt3_portfolio_list__image_link\"><div class=\"gt3_portfolio_list__image-placeholder\" style=\"padding-bottom:100%;margin-bottom:-100%;background-color:#CDC7C3;\"><\/div><img decoding=\"async\" src=\"https:\/\/maneviailedanismani.com\/wp-content\/uploads\/2018\/02\/gallery_item_full_img_05-293x293.jpg\" srcset=\"https:\/\/maneviailedanismani.com\/wp-content\/uploads\/2018\/02\/gallery_item_full_img_05-400x400.jpg 400w, https:\/\/maneviailedanismani.com\/wp-content\/uploads\/2018\/02\/gallery_item_full_img_05-475x475.jpg 475w, https:\/\/maneviailedanismani.com\/wp-content\/uploads\/2018\/02\/gallery_item_full_img_05-293x293.jpg 293w, https:\/\/maneviailedanismani.com\/wp-content\/uploads\/2018\/02\/gallery_item_full_img_05-238x238.jpg 238w, https:\/\/maneviailedanismani.com\/wp-content\/uploads\/2018\/02\/gallery_item_full_img_05-182x182.jpg 182w,https:\/\/maneviailedanismani.com\/wp-content\/uploads\/2018\/02\/gallery_item_full_img_05-420x420.jpg 420w\" sizes=\"(min-width: 1600px) 400px, (min-width: 1900px) 475px, (min-width: 1200px) 293px, (min-width: 992px) 238px, (min-width: 768px) 182px, (max-width: 600px) 420px\" alt=\"\" \/><\/a><div class=\"gt3_portfolio_list__content\"><div class=\"gt3_portfolio_list__categories\"><a href=\"https:\/\/maneviailedanismani.com\/?portfolio-category=danismanlik\">dan\u0131\u015fmanl\u0131k<\/a><\/div><a href=\"https:\/\/maneviailedanismani.com\/?portfolio=family-counseling\" class=\"gt3_portfolio_list__title_link\"><h3 class=\"gt3_portfolio_list__title\">Aile Dan\u0131\u015fmanl\u0131\u011f\u0131<\/h3><\/a><div class=\"content_on_image_links_block\"><a class=\"swipebox links_block_title\" rel=\"galleryAile Dan\u0131\u015fmanl\u0131\u011f\u0131\" href=\"https:\/\/maneviailedanismani.com\/wp-content\/uploads\/2018\/02\/gallery_item_full_img_05.jpg\" title=\"Aile Dan\u0131\u015fmanl\u0131\u011f\u0131\">Yak\u0131nla\u015ft\u0131rmak<\/a><a class=\"links_block_title\" href=\"https:\/\/maneviailedanismani.com\/?portfolio=family-counseling\">Daha Fazlas\u0131n\u0131 G\u00f6r\u00fcnt\u00fcle<\/a><\/div><\/div>        <div class=\"gt3_list__post_likes likes_block post_likes_add\" data-postid=\"289\" data-modify=\"like_post\" title=\"  Seviyor\">\r\n            <span class=\"gt3_post_likes__icon fa fa-heart-o\"><\/span>\r\n        <\/div><\/div><\/article><article class=\"gt3_portfolio_list__item span3 egitim content_on_image gt3_portfolio_list__item--image_square gt3_portfolio_list__item--5 gt3_portfolio_list__item--large_height\"><div class=\"gt3_portfolio_list__image-holder\"><a href=\"https:\/\/maneviailedanismani.com\/?portfolio=be-strong-be-unique\" class=\"gt3_portfolio_list__image_link\"><div class=\"gt3_portfolio_list__image-placeholder\" style=\"padding-bottom:200%;margin-bottom:-200%;background-color:#A49285;\"><\/div><img decoding=\"async\" src=\"https:\/\/maneviailedanismani.com\/wp-content\/uploads\/2018\/02\/gallery_item_full_img_03-293x586.jpg\" srcset=\"https:\/\/maneviailedanismani.com\/wp-content\/uploads\/2018\/02\/gallery_item_full_img_03-400x800.jpg 400w, https:\/\/maneviailedanismani.com\/wp-content\/uploads\/2018\/02\/gallery_item_full_img_03-475x950.jpg 475w, https:\/\/maneviailedanismani.com\/wp-content\/uploads\/2018\/02\/gallery_item_full_img_03-293x586.jpg 293w, https:\/\/maneviailedanismani.com\/wp-content\/uploads\/2018\/02\/gallery_item_full_img_03-238x476.jpg 238w, https:\/\/maneviailedanismani.com\/wp-content\/uploads\/2018\/02\/gallery_item_full_img_03-182x364.jpg 182w,https:\/\/maneviailedanismani.com\/wp-content\/uploads\/2018\/02\/gallery_item_full_img_03-420x840.jpg 420w\" sizes=\"(min-width: 1600px) 400px, (min-width: 1900px) 475px, (min-width: 1200px) 293px, (min-width: 992px) 238px, (min-width: 768px) 182px, (max-width: 600px) 420px\" alt=\"\" \/><\/a><div class=\"gt3_portfolio_list__content\"><div class=\"gt3_portfolio_list__categories\"><a href=\"https:\/\/maneviailedanismani.com\/?portfolio-category=egitim\">E\u011fitim<\/a><\/div><a href=\"https:\/\/maneviailedanismani.com\/?portfolio=be-strong-be-unique\" class=\"gt3_portfolio_list__title_link\"><h3 class=\"gt3_portfolio_list__title\">Be Strong. Be Unique<\/h3><\/a><div class=\"content_on_image_links_block\"><a class=\"swipebox links_block_title\" rel=\"galleryBe Strong. Be Unique\" href=\"https:\/\/maneviailedanismani.com\/wp-content\/uploads\/2018\/02\/gallery_item_full_img_03.jpg\" title=\"Be Strong. Be Unique\">Yak\u0131nla\u015ft\u0131rmak<\/a><a class=\"links_block_title\" href=\"https:\/\/maneviailedanismani.com\/?portfolio=be-strong-be-unique\">Daha Fazlas\u0131n\u0131 G\u00f6r\u00fcnt\u00fcle<\/a><\/div><\/div>        <div class=\"gt3_list__post_likes likes_block post_likes_add\" data-postid=\"294\" data-modify=\"like_post\" title=\"  Seviyor\">\r\n            <span class=\"gt3_post_likes__icon fa fa-heart-o\"><\/span>\r\n        <\/div><\/div><\/article><article class=\"gt3_portfolio_list__item span3 terapi content_on_image gt3_portfolio_list__item--image_square gt3_portfolio_list__item--6 gt3_portfolio_list__item--normal\"><div class=\"gt3_portfolio_list__image-holder\"><a href=\"https:\/\/maneviailedanismani.com\/?portfolio=individual-theraphy\" class=\"gt3_portfolio_list__image_link\"><div class=\"gt3_portfolio_list__image-placeholder\" style=\"padding-bottom:100%;margin-bottom:-100%;background-color:#999098;\"><\/div><img decoding=\"async\" src=\"https:\/\/maneviailedanismani.com\/wp-content\/uploads\/2018\/02\/gallery_item_full_img_06-293x293.jpg\" srcset=\"https:\/\/maneviailedanismani.com\/wp-content\/uploads\/2018\/02\/gallery_item_full_img_06-400x400.jpg 400w, https:\/\/maneviailedanismani.com\/wp-content\/uploads\/2018\/02\/gallery_item_full_img_06-475x475.jpg 475w, https:\/\/maneviailedanismani.com\/wp-content\/uploads\/2018\/02\/gallery_item_full_img_06-293x293.jpg 293w, https:\/\/maneviailedanismani.com\/wp-content\/uploads\/2018\/02\/gallery_item_full_img_06-238x238.jpg 238w, https:\/\/maneviailedanismani.com\/wp-content\/uploads\/2018\/02\/gallery_item_full_img_06-182x182.jpg 182w,https:\/\/maneviailedanismani.com\/wp-content\/uploads\/2018\/02\/gallery_item_full_img_06-420x420.jpg 420w\" sizes=\"(min-width: 1600px) 400px, (min-width: 1900px) 475px, (min-width: 1200px) 293px, (min-width: 992px) 238px, (min-width: 768px) 182px, (max-width: 600px) 420px\" alt=\"\" \/><\/a><div class=\"gt3_portfolio_list__content\"><div class=\"gt3_portfolio_list__categories\"><a href=\"https:\/\/maneviailedanismani.com\/?portfolio-category=terapi\">Terapi<\/a><\/div><a href=\"https:\/\/maneviailedanismani.com\/?portfolio=individual-theraphy\" class=\"gt3_portfolio_list__title_link\"><h3 class=\"gt3_portfolio_list__title\">Bireysel Terapi<\/h3><\/a><div class=\"content_on_image_links_block\"><a class=\"swipebox links_block_title\" rel=\"galleryBireysel Terapi\" href=\"https:\/\/maneviailedanismani.com\/wp-content\/uploads\/2018\/02\/gallery_item_full_img_06.jpg\" title=\"Bireysel Terapi\">Yak\u0131nla\u015ft\u0131rmak<\/a><a class=\"links_block_title\" href=\"https:\/\/maneviailedanismani.com\/?portfolio=individual-theraphy\">Daha Fazlas\u0131n\u0131 G\u00f6r\u00fcnt\u00fcle<\/a><\/div><\/div>        <div class=\"gt3_list__post_likes likes_block post_likes_add\" data-postid=\"290\" data-modify=\"like_post\" title=\"  Seviyor\">\r\n            <span class=\"gt3_post_likes__icon fa fa-heart-o\"><\/span>\r\n        <\/div><\/div><\/article><article class=\"gt3_portfolio_list__item span3 egitim content_on_image gt3_portfolio_list__item--image_square gt3_portfolio_list__item--7 gt3_portfolio_list__item--large_width_height\"><div class=\"gt3_portfolio_list__image-holder\"><a href=\"https:\/\/maneviailedanismani.com\/?portfolio=prevent-divorce\" class=\"gt3_portfolio_list__image_link\"><div class=\"gt3_portfolio_list__image-placeholder\" style=\"padding-bottom:100%;margin-bottom:-100%;background-color:#A9A09D;\"><\/div><img decoding=\"async\" src=\"https:\/\/maneviailedanismani.com\/wp-content\/uploads\/2018\/02\/gallery_item_full_img_08-585x585.jpg\" srcset=\"https:\/\/maneviailedanismani.com\/wp-content\/uploads\/2018\/02\/gallery_item_full_img_08-800x800.jpg 800w, https:\/\/maneviailedanismani.com\/wp-content\/uploads\/2018\/02\/gallery_item_full_img_08-950x950.jpg 950w, https:\/\/maneviailedanismani.com\/wp-content\/uploads\/2018\/02\/gallery_item_full_img_08-585x585.jpg 585w, https:\/\/maneviailedanismani.com\/wp-content\/uploads\/2018\/02\/gallery_item_full_img_08-475x475.jpg 475w, https:\/\/maneviailedanismani.com\/wp-content\/uploads\/2018\/02\/gallery_item_full_img_08-364x364.jpg 364w,https:\/\/maneviailedanismani.com\/wp-content\/uploads\/2018\/02\/gallery_item_full_img_08-420x420.jpg 420w\" sizes=\"(min-width: 1600px) 800px, (min-width: 1900px) 950px, (min-width: 1200px) 585px, (min-width: 992px) 475px, (min-width: 768px) 364px, (max-width: 600px) 420px\" alt=\"\" \/><\/a><div class=\"gt3_portfolio_list__content\"><div class=\"gt3_portfolio_list__categories\"><a href=\"https:\/\/maneviailedanismani.com\/?portfolio-category=egitim\">E\u011fitim<\/a><\/div><a href=\"https:\/\/maneviailedanismani.com\/?portfolio=prevent-divorce\" class=\"gt3_portfolio_list__title_link\"><h3 class=\"gt3_portfolio_list__title\">Prevent Divorce<\/h3><\/a><div class=\"content_on_image_links_block\"><a class=\"swipebox links_block_title\" rel=\"galleryPrevent Divorce\" href=\"https:\/\/maneviailedanismani.com\/wp-content\/uploads\/2018\/02\/gallery_item_full_img_08.jpg\" title=\"Prevent Divorce\">Yak\u0131nla\u015ft\u0131rmak<\/a><a class=\"links_block_title\" href=\"https:\/\/maneviailedanismani.com\/?portfolio=prevent-divorce\">Daha Fazlas\u0131n\u0131 G\u00f6r\u00fcnt\u00fcle<\/a><\/div><\/div>        <div class=\"gt3_list__post_likes likes_block post_likes_add\" data-postid=\"295\" data-modify=\"like_post\" title=\"  Seviyor\">\r\n            <span class=\"gt3_post_likes__icon fa fa-heart-o\"><\/span>\r\n        <\/div><\/div><\/article><article class=\"gt3_portfolio_list__item span3 psikoloji terapi content_on_image gt3_portfolio_list__item--image_square gt3_portfolio_list__item--8 gt3_portfolio_list__item--normal\"><div class=\"gt3_portfolio_list__image-holder\"><a href=\"https:\/\/maneviailedanismani.com\/?portfolio=children-therapy\" class=\"gt3_portfolio_list__image_link\"><div class=\"gt3_portfolio_list__image-placeholder\" style=\"padding-bottom:100%;margin-bottom:-100%;background-color:#988E8C;\"><\/div><img decoding=\"async\" src=\"https:\/\/maneviailedanismani.com\/wp-content\/uploads\/2018\/02\/img_04-293x293.jpg\" srcset=\"https:\/\/maneviailedanismani.com\/wp-content\/uploads\/2018\/02\/img_04-400x400.jpg 400w, https:\/\/maneviailedanismani.com\/wp-content\/uploads\/2018\/02\/img_04-475x475.jpg 475w, https:\/\/maneviailedanismani.com\/wp-content\/uploads\/2018\/02\/img_04-293x293.jpg 293w, https:\/\/maneviailedanismani.com\/wp-content\/uploads\/2018\/02\/img_04-238x238.jpg 238w, https:\/\/maneviailedanismani.com\/wp-content\/uploads\/2018\/02\/img_04-182x182.jpg 182w,https:\/\/maneviailedanismani.com\/wp-content\/uploads\/2018\/02\/img_04-420x420.jpg 420w\" sizes=\"(min-width: 1600px) 400px, (min-width: 1900px) 475px, (min-width: 1200px) 293px, (min-width: 992px) 238px, (min-width: 768px) 182px, (max-width: 600px) 420px\" alt=\"\" \/><\/a><div class=\"gt3_portfolio_list__content\"><div class=\"gt3_portfolio_list__categories\"><a href=\"https:\/\/maneviailedanismani.com\/?portfolio-category=psikoloji\">Psikoloji<\/a><span class=\"gt3_portfolio_list__categories_delimiter\">, <\/span><a href=\"https:\/\/maneviailedanismani.com\/?portfolio-category=terapi\">Terapi<\/a><\/div><a href=\"https:\/\/maneviailedanismani.com\/?portfolio=children-therapy\" class=\"gt3_portfolio_list__title_link\"><h3 class=\"gt3_portfolio_list__title\">Children Therapy<\/h3><\/a><div class=\"content_on_image_links_block\"><a class=\"swipebox links_block_title\" rel=\"galleryChildren Therapy\" href=\"https:\/\/maneviailedanismani.com\/wp-content\/uploads\/2018\/02\/img_04.jpg\" title=\"Children Therapy\">Yak\u0131nla\u015ft\u0131rmak<\/a><a class=\"links_block_title\" href=\"https:\/\/maneviailedanismani.com\/?portfolio=children-therapy\">Daha Fazlas\u0131n\u0131 G\u00f6r\u00fcnt\u00fcle<\/a><\/div><\/div>        <div class=\"gt3_list__post_likes likes_block post_likes_add\" data-postid=\"501\" data-modify=\"like_post\" title=\"0 Seviyor\">\r\n            <span class=\"gt3_post_likes__icon fa fa-heart-o\"><\/span>\r\n        <\/div><\/div><\/article><\/div><\/div>[\/vc_column][\/vc_row][vc_row full_width=&#8221;stretch_row&#8221; css=&#8221;.vc_custom_1516261850489{background-color: #4eaac8 !important;}&#8221;][vc_column][vc_empty_space height=&#8221;2vh&#8221;][vc_cta h2=&#8221; Hemen Dan\u0131\u015fma Al\u0131n! <span>Arama: 800 123 45 67<\/span>&#8221; h2_font_container=&#8221;tag:h2|font_size:36|text_align:left|color:%23ffffff|line_height:1.5&#8243; h2_google_fonts=&#8221;font_family:Lato%3A100%2C100italic%2C300%2C300italic%2Cregular%2Citalic%2C700%2C700italic%2C900%2C900italic|font_style:300%20light%20regular%3A300%3Anormal&#8221; h4=&#8221;PROFESYONEL B\u0130R GRUBUYUZ&#8221; h4_font_container=&#8221;tag:h2|font_size:13|text_align:left|color:%23ffffff|line_height:1.4&#8243; h4_google_fonts=&#8221;font_family:Lato%3A100%2C100italic%2C300%2C300italic%2Cregular%2Citalic%2C700%2C700italic%2C900%2C900italic|font_style:300%20light%20regular%3A300%3Anormal&#8221; shape=&#8221;square&#8221; style=&#8221;custom&#8221; add_button=&#8221;right&#8221; btn_title=&#8221;RANDEVU AL&#8221; btn_style=&#8221;custom&#8221; btn_custom_background=&#8221;#3d3272&#8243; btn_custom_text=&#8221;#ffffff&#8221; use_custom_fonts_h2=&#8221;true&#8221; use_custom_fonts_h4=&#8221;true&#8221; custom_background=&#8221;#4eaac8&#8243; custom_text=&#8221;#ffffff&#8221; btn_link=&#8221;url:https%3A%2F%2Fmaneviailedanismani.com%2F%3Fpage_id%3D1152&#8243;][\/vc_cta][vc_empty_space height=&#8221;3.2vh&#8221;][\/vc_column][\/vc_row]\n","protected":false},"excerpt":{"rendered":"<p>[vc_row full_width=&#8221;stretch_row_content_no_spaces&#8221;][vc_column][\/vc_column][\/vc_row][vc_row full_width=&#8221;stretch_row&#8221; css=&#8221;.vc_custom_1516261850489{background-color: #4eaac8 !important;}&#8221;][vc_column][vc_empty_space height=&#8221;2vh&#8221;][vc_cta h2=&#8221; Hemen Dan\u0131\u015fma Al\u0131n! Arama: 800 123 45 67&#8221; h2_font_container=&#8221;tag:h2|font_size:36|text_align:left|color:%23ffffff|line_height:1.5&#8243; h2_google_fonts=&#8221;font_family:Lato%3A100%2C100italic%2C300%2C300italic%2Cregular%2Citalic%2C700%2C700italic%2C900%2C900italic|font_style:300%20light%20regular%3A300%3Anormal&#8221; h4=&#8221;PROFESYONEL B\u0130R GRUBUYUZ&#8221; h4_font_container=&#8221;tag:h2|font_size:13|text_align:left|color:%23ffffff|line_height:1.4&#8243; h4_google_fonts=&#8221;font_family:Lato%3A100%2C100italic%2C300%2C300italic%2Cregular%2Citalic%2C700%2C700italic%2C900%2C900italic|font_style:300%20light%20regular%3A300%3Anormal&#8221; shape=&#8221;square&#8221; style=&#8221;custom&#8221; add_button=&#8221;right&#8221; btn_title=&#8221;RANDEVU AL&#8221; btn_style=&#8221;custom&#8221; btn_custom_background=&#8221;#3d3272&#8243; btn_custom_text=&#8221;#ffffff&#8221; use_custom_fonts_h2=&#8221;true&#8221; use_custom_fonts_h4=&#8221;true&#8221; custom_background=&#8221;#4eaac8&#8243; custom_text=&#8221;#ffffff&#8221; btn_link=&#8221;url:https%3A%2F%2Fmaneviailedanismani.com%2F%3Fpage_id%3D1152&#8243;][\/vc_cta][vc_empty_space height=&#8221;3.2vh&#8221;][\/vc_column][\/vc_row]<\/p>\n","protected":false},"author":1,"featured_media":0,"parent":0,"menu_order":0,"comment_status":"closed","ping_status":"closed","template":"","meta":{"footnotes":""},"class_list":["post-129","page","type-page","status-publish","hentry"],"_links":{"self":[{"href":"https:\/\/maneviailedanismani.com\/index.php?rest_route=\/wp\/v2\/pages\/129","targetHints":{"allow":["GET"]}}],"collection":[{"href":"https:\/\/maneviailedanismani.com\/index.php?rest_route=\/wp\/v2\/pages"}],"about":[{"href":"https:\/\/maneviailedanismani.com\/index.php?rest_route=\/wp\/v2\/types\/page"}],"author":[{"embeddable":true,"href":"https:\/\/maneviailedanismani.com\/index.php?rest_route=\/wp\/v2\/users\/1"}],"replies":[{"embeddable":true,"href":"https:\/\/maneviailedanismani.com\/index.php?rest_route=%2Fwp%2Fv2%2Fcomments&post=129"}],"version-history":[{"count":2,"href":"https:\/\/maneviailedanismani.com\/index.php?rest_route=\/wp\/v2\/pages\/129\/revisions"}],"predecessor-version":[{"id":1346,"href":"https:\/\/maneviailedanismani.com\/index.php?rest_route=\/wp\/v2\/pages\/129\/revisions\/1346"}],"wp:attachment":[{"href":"https:\/\/maneviailedanismani.com\/index.php?rest_route=%2Fwp%2Fv2%2Fmedia&parent=129"}],"curies":[{"name":"wp","href":"https:\/\/api.w.org\/{rel}","templated":true}]}}